{"id":1551,"date":"2020-11-25T18:32:36","date_gmt":"2020-11-25T17:32:36","guid":{"rendered":"http:\/\/www.atticaviaggi.it\/?page_id=1551"},"modified":"2020-11-25T19:21:13","modified_gmt":"2020-11-25T18:21:13","slug":"viaggi-di-maturita","status":"publish","type":"page","link":"http:\/\/www.atticaviaggi.it\/?page_id=1551","title":{"rendered":"Viaggi di maturit\u00e0"},"content":{"rendered":"\t\t<div data-elementor-type=\"wp-page\" data-elementor-id=\"1551\" class=\"elementor elementor-1551\">\n\t\t\t\t\t\t<section class=\"elementor-section elementor-top-section elementor-element elementor-element-35632be elementor-section-boxed elementor-section-height-default elementor-section-height-default\" data-id=\"35632be\" data-element_type=\"section\" data-e-type=\"section\">\n\t\t\t\t\t\t<div class=\"elementor-container elementor-column-gap-default\">\n\t\t\t\t\t<div class=\"elementor-column elementor-col-100 elementor-top-column elementor-element elementor-element-7b0ff00\" data-id=\"7b0ff00\" data-element_type=\"column\" data-e-type=\"column\">\n\t\t\t<div class=\"elementor-widget-wrap elementor-element-populated\">\n\t\t\t\t\t\t<div class=\"elementor-element elementor-element-2cfd80c elementor-invisible elementor-widget elementor-widget-heading\" data-id=\"2cfd80c\" data-element_type=\"widget\" data-e-type=\"widget\" data-settings=\"{&quot;_animation&quot;:&quot;bounceIn&quot;}\" data-widget_type=\"heading.default\">\n\t\t\t\t<div class=\"elementor-widget-container\">\n\t\t\t\t\t<h2 class=\"elementor-heading-title elementor-size-default\">Viaggi di maturit\u00e0<\/h2>\t\t\t\t<\/div>\n\t\t\t\t<\/div>\n\t\t\t\t\t<\/div>\n\t\t<\/div>\n\t\t\t\t\t<\/div>\n\t\t<\/section>\n\t\t\t\t<section class=\"elementor-section elementor-top-section elementor-element elementor-element-82a3426 elementor-section-boxed elementor-section-height-default elementor-section-height-default\" data-id=\"82a3426\" data-element_type=\"section\" data-e-type=\"section\">\n\t\t\t\t\t\t<div class=\"elementor-container elementor-column-gap-default\">\n\t\t\t\t\t<div class=\"elementor-column elementor-col-100 elementor-top-column elementor-element elementor-element-a7d7e7e\" data-id=\"a7d7e7e\" data-element_type=\"column\" data-e-type=\"column\">\n\t\t\t<div class=\"elementor-widget-wrap elementor-element-populated\">\n\t\t\t\t\t\t<div class=\"elementor-element elementor-element-55713ee elementor-arrows-position-inside elementor-pagination-position-outside elementor-widget elementor-widget-image-carousel\" data-id=\"55713ee\" data-element_type=\"widget\" data-e-type=\"widget\" data-settings=\"{&quot;navigation&quot;:&quot;both&quot;,&quot;autoplay&quot;:&quot;yes&quot;,&quot;pause_on_hover&quot;:&quot;yes&quot;,&quot;pause_on_interaction&quot;:&quot;yes&quot;,&quot;autoplay_speed&quot;:5000,&quot;infinite&quot;:&quot;yes&quot;,&quot;speed&quot;:500}\" data-widget_type=\"image-carousel.default\">\n\t\t\t\t<div class=\"elementor-widget-container\">\n\t\t\t\t\t\t\t<div class=\"elementor-image-carousel-wrapper swiper\" role=\"region\" aria-roledescription=\"carousel\" aria-label=\"Carosello d&#039;immagini\" dir=\"ltr\">\n\t\t\t<div class=\"elementor-image-carousel swiper-wrapper swiper-image-stretch\" aria-live=\"off\">\n\t\t\t\t\t\t\t\t<div class=\"swiper-slide\" role=\"group\" aria-roledescription=\"slide\" aria-label=\"1 di 9\"><figure class=\"swiper-slide-inner\"><img decoding=\"async\" class=\"swiper-slide-image\" src=\"http:\/\/www.atticaviaggi.it\/wp-content\/uploads\/elementor\/thumbs\/m9-rfh7ytuzdkz7hnl6gnxra5m9jpdtpo3atl9flwqc1u.jpg\" alt=\"m9\" \/><\/figure><\/div><div class=\"swiper-slide\" role=\"group\" aria-roledescription=\"slide\" aria-label=\"2 di 9\"><figure class=\"swiper-slide-inner\"><img decoding=\"async\" class=\"swiper-slide-image\" src=\"http:\/\/www.atticaviaggi.it\/wp-content\/uploads\/elementor\/thumbs\/m0-rfh7ytuzdkz7hnl6gnxra5m9jpdtpo3atl9flwqc1u.jpg\" alt=\"m0\" \/><\/figure><\/div><div class=\"swiper-slide\" role=\"group\" aria-roledescription=\"slide\" aria-label=\"3 di 9\"><figure class=\"swiper-slide-inner\"><img decoding=\"async\" class=\"swiper-slide-image\" src=\"http:\/\/www.atticaviaggi.it\/wp-content\/uploads\/elementor\/thumbs\/m2-rfh7ytuzdkz7hnl6gnxra5m9jpdtpo3atl9flwqc1u.jpg\" alt=\"m2\" \/><\/figure><\/div><div class=\"swiper-slide\" role=\"group\" aria-roledescription=\"slide\" aria-label=\"4 di 9\"><figure class=\"swiper-slide-inner\"><img decoding=\"async\" class=\"swiper-slide-image\" src=\"http:\/\/www.atticaviaggi.it\/wp-content\/uploads\/elementor\/thumbs\/m3-rfh7ytuzdkz7hnl6gnxra5m9jpdtpo3atl9flwqc1u.jpg\" alt=\"m3\" \/><\/figure><\/div><div class=\"swiper-slide\" role=\"group\" aria-roledescription=\"slide\" aria-label=\"5 di 9\"><figure class=\"swiper-slide-inner\"><img decoding=\"async\" class=\"swiper-slide-image\" src=\"http:\/\/www.atticaviaggi.it\/wp-content\/uploads\/elementor\/thumbs\/m4-rfh7ytuzdkz7hnl6gnxra5m9jpdtpo3atl9flwqc1u.jpg\" alt=\"m4\" \/><\/figure><\/div><div class=\"swiper-slide\" role=\"group\" aria-roledescription=\"slide\" aria-label=\"6 di 9\"><figure class=\"swiper-slide-inner\"><img decoding=\"async\" class=\"swiper-slide-image\" src=\"http:\/\/www.atticaviaggi.it\/wp-content\/uploads\/elementor\/thumbs\/m10-rfh7ytuzdkz7hnl6gnxra5m9jpdtpo3atl9flwqc1u.jpg\" alt=\"m10\" \/><\/figure><\/div><div class=\"swiper-slide\" role=\"group\" aria-roledescription=\"slide\" aria-label=\"7 di 9\"><figure class=\"swiper-slide-inner\"><img decoding=\"async\" class=\"swiper-slide-image\" src=\"http:\/\/www.atticaviaggi.it\/wp-content\/uploads\/elementor\/thumbs\/m1-rfh7ytuzdkz7hnl6gnxra5m9jpdtpo3atl9flwqc1u.jpg\" alt=\"m1\" \/><\/figure><\/div><div class=\"swiper-slide\" role=\"group\" aria-roledescription=\"slide\" aria-label=\"8 di 9\"><figure class=\"swiper-slide-inner\"><img decoding=\"async\" class=\"swiper-slide-image\" src=\"http:\/\/www.atticaviaggi.it\/wp-content\/uploads\/elementor\/thumbs\/m5-rfh7ytuzdkz7hnl6gnxra5m9jpdtpo3atl9flwqc1u.jpg\" alt=\"m5\" \/><\/figure><\/div><div class=\"swiper-slide\" role=\"group\" aria-roledescription=\"slide\" aria-label=\"9 di 9\"><figure class=\"swiper-slide-inner\"><img decoding=\"async\" class=\"swiper-slide-image\" src=\"http:\/\/www.atticaviaggi.it\/wp-content\/uploads\/elementor\/thumbs\/m7-rfh7ytuzdkz7hnl6gnxra5m9jpdtpo3atl9flwqc1u.jpg\" alt=\"m7\" \/><\/figure><\/div>\t\t\t<\/div>\n\t\t\t\t\t\t\t\t\t\t\t\t<div class=\"elementor-swiper-button elementor-swiper-button-prev\" role=\"button\" tabindex=\"0\">\n\t\t\t\t\t\t<i aria-hidden=\"true\" class=\"eicon-chevron-left\"><\/i>\t\t\t\t\t<\/div>\n\t\t\t\t\t<div class=\"elementor-swiper-button elementor-swiper-button-next\" role=\"button\" tabindex=\"0\">\n\t\t\t\t\t\t<i aria-hidden=\"true\" class=\"eicon-chevron-right\"><\/i>\t\t\t\t\t<\/div>\n\t\t\t\t\n\t\t\t\t\t\t\t\t\t<div class=\"swiper-pagination\"><\/div>\n\t\t\t\t\t\t\t\t\t<\/div>\n\t\t\t\t\t\t<\/div>\n\t\t\t\t<\/div>\n\t\t\t\t\t<\/div>\n\t\t<\/div>\n\t\t\t\t\t<\/div>\n\t\t<\/section>\n\t\t\t\t<section class=\"elementor-section elementor-top-section elementor-element elementor-element-913c71c elementor-section-boxed elementor-section-height-default elementor-section-height-default\" data-id=\"913c71c\" data-element_type=\"section\" data-e-type=\"section\">\n\t\t\t\t\t\t<div class=\"elementor-container elementor-column-gap-default\">\n\t\t\t\t\t<div class=\"elementor-column elementor-col-100 elementor-top-column elementor-element elementor-element-694c154\" data-id=\"694c154\" data-element_type=\"column\" data-e-type=\"column\">\n\t\t\t<div class=\"elementor-widget-wrap elementor-element-populated\">\n\t\t\t\t\t\t<div class=\"elementor-element elementor-element-5d24e34 elementor-widget elementor-widget-text-editor\" data-id=\"5d24e34\" data-element_type=\"widget\" data-e-type=\"widget\" data-widget_type=\"text-editor.default\">\n\t\t\t\t<div class=\"elementor-widget-container\">\n\t\t\t\t\t\t\t\t\t<h4 style=\"text-align: center;\"><span style=\"color: #000000;\">Il viaggio di maturit\u00e0 \u00e8 il miglior modo per concludere un percorso di 5 anni insieme ai vostri compagni d&#8217;avventura.<\/span><\/h4><h4 style=\"text-align: center;\"><span style=\"color: #000000;\">Quella post maturit\u00e0 non \u00e8 una vacanza qualsiasi, \u00e8 IL VIAGGIO CHE NON SI DIMENTICHER\u00c0 MAI!<\/span><\/h4><h4 style=\"text-align: center;\"><span style=\"color: #000000;\">Ecco perch\u00e9 \u00e8 importante organizzarsi con un po&#8217; di anticipo e affidarsi a professionisti del settore, con esperienza, che possano proporvi un ampio ventaglio di offerte al prezzo pi\u00f9 conveniente e la sicurezza di avere in ogni momento l&#8217;assistenza adeguata.<\/span><\/h4><h4 style=\"text-align: center;\"><span style=\"color: #000000;\">Per questo Attica Viaggi da anni seleziona le migliori strutture nelle location pi\u00f9 gettonate tra i giovani, proponendo inoltre pacchetti su misura per gruppi con scontistiche dedicate e gadget personalizzati ed esclusivi.<\/span><\/h4>\t\t\t\t\t\t\t\t<\/div>\n\t\t\t\t<\/div>\n\t\t\t\t\t<\/div>\n\t\t<\/div>\n\t\t\t\t\t<\/div>\n\t\t<\/section>\n\t\t\t\t<\/div>\n\t\t","protected":false},"excerpt":{"rendered":"<p>Viaggi di maturit\u00e0 Precedente Successivo Il viaggio di maturit\u00e0 \u00e8 il miglior modo per concludere un percorso di 5 anni insieme ai vostri compagni d&#8217;avventura. Quella post maturit\u00e0 non \u00e8 una vacanza qualsiasi, \u00e8 IL VIAGGIO CHE NON SI DIMENTICHER\u00c0 MAI! Ecco perch\u00e9 \u00e8 importante organizzarsi con un po&#8217; di anticipo e affidarsi a professionisti [&hellip;]<\/p>\n","protected":false},"author":1,"featured_media":0,"parent":0,"menu_order":0,"comment_status":"closed","ping_status":"closed","template":"","meta":{"footnotes":""},"class_list":["post-1551","page","type-page","status-publish","hentry"],"_links":{"self":[{"href":"http:\/\/www.atticaviaggi.it\/index.php?rest_route=\/wp\/v2\/pages\/1551","targetHints":{"allow":["GET"]}}],"collection":[{"href":"http:\/\/www.atticaviaggi.it\/index.php?rest_route=\/wp\/v2\/pages"}],"about":[{"href":"http:\/\/www.atticaviaggi.it\/index.php?rest_route=\/wp\/v2\/types\/page"}],"author":[{"embeddable":true,"href":"http:\/\/www.atticaviaggi.it\/index.php?rest_route=\/wp\/v2\/users\/1"}],"replies":[{"embeddable":true,"href":"http:\/\/www.atticaviaggi.it\/index.php?rest_route=%2Fwp%2Fv2%2Fcomments&post=1551"}],"version-history":[{"count":8,"href":"http:\/\/www.atticaviaggi.it\/index.php?rest_route=\/wp\/v2\/pages\/1551\/revisions"}],"predecessor-version":[{"id":1573,"href":"http:\/\/www.atticaviaggi.it\/index.php?rest_route=\/wp\/v2\/pages\/1551\/revisions\/1573"}],"wp:attachment":[{"href":"http:\/\/www.atticaviaggi.it\/index.php?rest_route=%2Fwp%2Fv2%2Fmedia&parent=1551"}],"curies":[{"name":"wp","href":"https:\/\/api.w.org\/{rel}","templated":true}]}}