{"id":2953,"date":"2023-08-03T10:51:11","date_gmt":"2023-08-03T08:51:11","guid":{"rendered":"http:\/\/www.atticaviaggi.it\/?page_id=2953"},"modified":"2025-05-08T09:19:17","modified_gmt":"2025-05-08T07:19:17","slug":"capodanno-a-dubai","status":"publish","type":"page","link":"http:\/\/www.atticaviaggi.it\/?page_id=2953","title":{"rendered":"SPECIALE NATALE A NEW YORK"},"content":{"rendered":"\t\t<div data-elementor-type=\"wp-page\" data-elementor-id=\"2953\" class=\"elementor elementor-2953\">\n\t\t\t\t\t\t<section class=\"elementor-section elementor-top-section elementor-element elementor-element-e68c916 elementor-section-boxed elementor-section-height-default elementor-section-height-default\" data-id=\"e68c916\" data-element_type=\"section\" data-e-type=\"section\">\n\t\t\t\t\t\t<div class=\"elementor-container elementor-column-gap-default\">\n\t\t\t\t\t<div class=\"elementor-column elementor-col-100 elementor-top-column elementor-element elementor-element-b5df104\" data-id=\"b5df104\" data-element_type=\"column\" data-e-type=\"column\">\n\t\t\t<div class=\"elementor-widget-wrap elementor-element-populated\">\n\t\t\t\t\t\t<div class=\"elementor-element elementor-element-f01fd60 elementor-invisible elementor-widget elementor-widget-heading\" data-id=\"f01fd60\" data-element_type=\"widget\" data-e-type=\"widget\" data-settings=\"{&quot;_animation&quot;:&quot;fadeInLeft&quot;}\" data-widget_type=\"heading.default\">\n\t\t\t\t<div class=\"elementor-widget-container\">\n\t\t\t\t\t<h2 class=\"elementor-heading-title elementor-size-large\">SPECIALE NATALE A NEW YORK<\/h2>\t\t\t\t<\/div>\n\t\t\t\t<\/div>\n\t\t\t\t\t<\/div>\n\t\t<\/div>\n\t\t\t\t\t<\/div>\n\t\t<\/section>\n\t\t\t\t<section class=\"elementor-section elementor-top-section elementor-element elementor-element-0c5f3df elementor-section-boxed elementor-section-height-default elementor-section-height-default\" data-id=\"0c5f3df\" data-element_type=\"section\" data-e-type=\"section\">\n\t\t\t\t\t\t<div class=\"elementor-container elementor-column-gap-default\">\n\t\t\t\t\t<div class=\"elementor-column elementor-col-100 elementor-top-column elementor-element elementor-element-f26f421\" data-id=\"f26f421\" data-element_type=\"column\" data-e-type=\"column\">\n\t\t\t<div class=\"elementor-widget-wrap elementor-element-populated\">\n\t\t\t\t\t\t<div class=\"elementor-element elementor-element-56b1d9d elementor-arrows-position-inside elementor-pagination-position-outside elementor-widget elementor-widget-image-carousel\" data-id=\"56b1d9d\" data-element_type=\"widget\" data-e-type=\"widget\" data-settings=\"{&quot;autoplay_speed&quot;:2500,&quot;speed&quot;:450,&quot;navigation&quot;:&quot;both&quot;,&quot;autoplay&quot;:&quot;yes&quot;,&quot;pause_on_hover&quot;:&quot;yes&quot;,&quot;pause_on_interaction&quot;:&quot;yes&quot;,&quot;infinite&quot;:&quot;yes&quot;}\" data-widget_type=\"image-carousel.default\">\n\t\t\t\t<div class=\"elementor-widget-container\">\n\t\t\t\t\t\t\t<div class=\"elementor-image-carousel-wrapper swiper\" role=\"region\" aria-roledescription=\"carousel\" aria-label=\"Carosello d&#039;immagini\" dir=\"ltr\">\n\t\t\t<div class=\"elementor-image-carousel swiper-wrapper\" aria-live=\"off\">\n\t\t\t\t\t\t\t\t<div class=\"swiper-slide\" role=\"group\" aria-roledescription=\"slide\" aria-label=\"1 di 3\"><figure class=\"swiper-slide-inner\"><img decoding=\"async\" class=\"swiper-slide-image\" src=\"http:\/\/www.atticaviaggi.it\/wp-content\/uploads\/elementor\/thumbs\/michael-discenza-5omwAMDxmkU-unsplash-1-scaled-rfh7yrzc9319vw7rng2rt8su86zwwzws5n3ytl0pbk.jpg\" alt=\"michael-discenza-5omwAMDxmkU-unsplash\" \/><\/figure><\/div><div class=\"swiper-slide\" role=\"group\" aria-roledescription=\"slide\" aria-label=\"2 di 3\"><figure class=\"swiper-slide-inner\"><img decoding=\"async\" class=\"swiper-slide-image\" src=\"http:\/\/www.atticaviaggi.it\/wp-content\/uploads\/elementor\/thumbs\/robert-bye-WTPp4wgourk-unsplash-scaled-rfh7yrzc9319vw7rng2rt8su86zwwzws5n3ytl0pbk.jpg\" alt=\"robert-bye-WTPp4wgourk-unsplash\" \/><\/figure><\/div><div class=\"swiper-slide\" role=\"group\" aria-roledescription=\"slide\" aria-label=\"3 di 3\"><figure class=\"swiper-slide-inner\"><img decoding=\"async\" class=\"swiper-slide-image\" src=\"http:\/\/www.atticaviaggi.it\/wp-content\/uploads\/elementor\/thumbs\/ferdinand-stohr-PeFk7fzxTdk-unsplash-scaled-rfh7yrzc9319vw7rng2rt8su86zwwzws5n3ytl0pbk.jpg\" alt=\"ferdinand-stohr-PeFk7fzxTdk-unsplash\" \/><\/figure><\/div>\t\t\t<\/div>\n\t\t\t\t\t\t\t\t\t\t\t\t<div class=\"elementor-swiper-button elementor-swiper-button-prev\" role=\"button\" tabindex=\"0\">\n\t\t\t\t\t\t<i aria-hidden=\"true\" class=\"eicon-chevron-left\"><\/i>\t\t\t\t\t<\/div>\n\t\t\t\t\t<div class=\"elementor-swiper-button elementor-swiper-button-next\" role=\"button\" tabindex=\"0\">\n\t\t\t\t\t\t<i aria-hidden=\"true\" class=\"eicon-chevron-right\"><\/i>\t\t\t\t\t<\/div>\n\t\t\t\t\n\t\t\t\t\t\t\t\t\t<div class=\"swiper-pagination\"><\/div>\n\t\t\t\t\t\t\t\t\t<\/div>\n\t\t\t\t\t\t<\/div>\n\t\t\t\t<\/div>\n\t\t\t\t\t<\/div>\n\t\t<\/div>\n\t\t\t\t\t<\/div>\n\t\t<\/section>\n\t\t\t\t<section class=\"elementor-section elementor-top-section elementor-element elementor-element-786dbe9 elementor-section-boxed elementor-section-height-default elementor-section-height-default\" data-id=\"786dbe9\" data-element_type=\"section\" data-e-type=\"section\">\n\t\t\t\t\t\t<div class=\"elementor-container elementor-column-gap-default\">\n\t\t\t\t\t<div class=\"elementor-column elementor-col-100 elementor-top-column elementor-element elementor-element-2f5bbcf\" data-id=\"2f5bbcf\" data-element_type=\"column\" data-e-type=\"column\">\n\t\t\t<div class=\"elementor-widget-wrap elementor-element-populated\">\n\t\t\t\t\t\t<div class=\"elementor-element elementor-element-9ee7fd5 elementor-widget elementor-widget-accordion\" data-id=\"9ee7fd5\" data-element_type=\"widget\" data-e-type=\"widget\" data-widget_type=\"accordion.default\">\n\t\t\t\t<div class=\"elementor-widget-container\">\n\t\t\t\t\t\t\t<div class=\"elementor-accordion\">\n\t\t\t\t\t\t\t<div class=\"elementor-accordion-item\">\n\t\t\t\t\t<div id=\"elementor-tab-title-1661\" class=\"elementor-tab-title\" data-tab=\"1\" role=\"button\" aria-controls=\"elementor-tab-content-1661\" aria-expanded=\"false\">\n\t\t\t\t\t\t\t\t\t\t\t\t\t<span class=\"elementor-accordion-icon elementor-accordion-icon-left\" aria-hidden=\"true\">\n\t\t\t\t\t\t\t\t\t\t\t\t\t\t\t<span class=\"elementor-accordion-icon-closed\"><i class=\"fas fa-chevron-down\"><\/i><\/span>\n\t\t\t\t\t\t\t\t<span class=\"elementor-accordion-icon-opened\"><i class=\"fas fa-minus\"><\/i><\/span>\n\t\t\t\t\t\t\t\t\t\t\t\t\t\t<\/span>\n\t\t\t\t\t\t\t\t\t\t\t\t<a class=\"elementor-accordion-title\" tabindex=\"0\">Descrizione<\/a>\n\t\t\t\t\t<\/div>\n\t\t\t\t\t<div id=\"elementor-tab-content-1661\" class=\"elementor-tab-content elementor-clearfix\" data-tab=\"1\" role=\"region\" aria-labelledby=\"elementor-tab-title-1661\"><p>New York \u00e8 pura energia tra i grattacieli, il traffico movimentato e le luci splendenti, \u00e8 sede dei pi\u00f9 bei musei del mondo, dei ristoranti pi\u00f9 vari e di musica e spettacolo dei massimi livelli. Infiniti marciapiedi conducono a strade delineate da caff\u00e8, ai negozi di stilisti esclusivi e alle colline verdi di Central Park, parco immenso, luogo ideale per fare una passeggiata rilassante. Il Metropolitan Museum of Art ospita una collezione stabile di 2 milioni di opere e, in cima, ha un giardino pensile con una vista mozzafiato di Central Park. Impossibile non notare Times Square, \u00e8 una concentrazione di luci, negozi, locali e personaggi eccentrici, quartiere dei teatri, dove \u00e8 nato il mito di Broadway. Nei paraggi si possono visitare la Fifth Avenue, arteria dello shopping newyorkese, il Rockfeller Center, dove d\u2019inverno si fanno le pattinate sul ghiaccio pi\u00f9 famose di New York, e la bellissima cattedrale gotica di San Patrizio, che crea un effetto di contrasto davvero sorprendente. L\u2019Empire State Building \u00e8 l\u2019ideale per poter ammirare New York dall\u2019alto. A Downtown, si trova la zona del distretto finanziario di Wall Street, nei pressi dell\u2019affascinante Trinity Church, ma anche della Freedom Tower, l\u2019enorme grattacielo che sorge sulle ceneri delle torri gemelle nel sito del World Trade Center. Da Battery Park, il parco sul molo, si pu\u00f2 scorgere da lontano la Statua della Libert\u00e0 e i battelli che si spostano verso le isole di fronte.<\/p><\/div>\n\t\t\t\t<\/div>\n\t\t\t\t\t\t\t<div class=\"elementor-accordion-item\">\n\t\t\t\t\t<div id=\"elementor-tab-title-1662\" class=\"elementor-tab-title\" data-tab=\"2\" role=\"button\" aria-controls=\"elementor-tab-content-1662\" aria-expanded=\"false\">\n\t\t\t\t\t\t\t\t\t\t\t\t\t<span class=\"elementor-accordion-icon elementor-accordion-icon-left\" aria-hidden=\"true\">\n\t\t\t\t\t\t\t\t\t\t\t\t\t\t\t<span class=\"elementor-accordion-icon-closed\"><i class=\"fas fa-chevron-down\"><\/i><\/span>\n\t\t\t\t\t\t\t\t<span class=\"elementor-accordion-icon-opened\"><i class=\"fas fa-minus\"><\/i><\/span>\n\t\t\t\t\t\t\t\t\t\t\t\t\t\t<\/span>\n\t\t\t\t\t\t\t\t\t\t\t\t<a class=\"elementor-accordion-title\" tabindex=\"0\">Servizi inclusi<\/a>\n\t\t\t\t\t<\/div>\n\t\t\t\t\t<div id=\"elementor-tab-content-1662\" class=\"elementor-tab-content elementor-clearfix\" data-tab=\"2\" role=\"region\" aria-labelledby=\"elementor-tab-title-1662\"><ul>\n<li>Voli intercontinentale da\/per l&#8217;italia<\/li>\n<li>Trasferimenti da\/per aeroporto\/hotel<\/li>\n<li>Hotel 4* pernottamento con prima colazione&nbsp;<\/li><li>Accompagnatore dall&#8217;Italia<\/li><li>tour New york mezza giornata con guida italiana<\/li><li>tour Triboro ( BRONX, QUEENS E BROOKLYNG) 6 ore con guida italiana<\/li><li>traghetto Ellis Island (Statua libert\u00e0)<\/li><li>Ingresso the Edge<\/li>\n<li>Assicurazioni medico-bagaglio<\/li>\n<\/ul><\/div>\n\t\t\t\t<\/div>\n\t\t\t\t\t\t\t<div class=\"elementor-accordion-item\">\n\t\t\t\t\t<div id=\"elementor-tab-title-1663\" class=\"elementor-tab-title\" data-tab=\"3\" role=\"button\" aria-controls=\"elementor-tab-content-1663\" aria-expanded=\"false\">\n\t\t\t\t\t\t\t\t\t\t\t\t\t<span class=\"elementor-accordion-icon elementor-accordion-icon-left\" aria-hidden=\"true\">\n\t\t\t\t\t\t\t\t\t\t\t\t\t\t\t<span class=\"elementor-accordion-icon-closed\"><i class=\"fas fa-chevron-down\"><\/i><\/span>\n\t\t\t\t\t\t\t\t<span class=\"elementor-accordion-icon-opened\"><i class=\"fas fa-minus\"><\/i><\/span>\n\t\t\t\t\t\t\t\t\t\t\t\t\t\t<\/span>\n\t\t\t\t\t\t\t\t\t\t\t\t<a class=\"elementor-accordion-title\" tabindex=\"0\">Partenze<\/a>\n\t\t\t\t\t<\/div>\n\t\t\t\t\t<div id=\"elementor-tab-content-1663\" class=\"elementor-tab-content elementor-clearfix\" data-tab=\"3\" role=\"region\" aria-labelledby=\"elementor-tab-title-1663\"><p>DAL 22 al 27 DICEMBRE 2025<\/p><\/div>\n\t\t\t\t<\/div>\n\t\t\t\t\t\t\t<div class=\"elementor-accordion-item\">\n\t\t\t\t\t<div id=\"elementor-tab-title-1664\" class=\"elementor-tab-title\" data-tab=\"4\" role=\"button\" aria-controls=\"elementor-tab-content-1664\" aria-expanded=\"false\">\n\t\t\t\t\t\t\t\t\t\t\t\t\t<span class=\"elementor-accordion-icon elementor-accordion-icon-left\" aria-hidden=\"true\">\n\t\t\t\t\t\t\t\t\t\t\t\t\t\t\t<span class=\"elementor-accordion-icon-closed\"><i class=\"fas fa-chevron-down\"><\/i><\/span>\n\t\t\t\t\t\t\t\t<span class=\"elementor-accordion-icon-opened\"><i class=\"fas fa-minus\"><\/i><\/span>\n\t\t\t\t\t\t\t\t\t\t\t\t\t\t<\/span>\n\t\t\t\t\t\t\t\t\t\t\t\t<a class=\"elementor-accordion-title\" tabindex=\"0\">Prezzo<\/a>\n\t\t\t\t\t<\/div>\n\t\t\t\t\t<div id=\"elementor-tab-content-1664\" class=\"elementor-tab-content elementor-clearfix\" data-tab=\"4\" role=\"region\" aria-labelledby=\"elementor-tab-title-1664\"><p><span style=\"color: #000000;\">\u20ac 2200 p.p<\/span><\/p><\/div>\n\t\t\t\t<\/div>\n\t\t\t\t\t\t\t<div class=\"elementor-accordion-item\">\n\t\t\t\t\t<div id=\"elementor-tab-title-1665\" class=\"elementor-tab-title\" data-tab=\"5\" role=\"button\" aria-controls=\"elementor-tab-content-1665\" aria-expanded=\"false\">\n\t\t\t\t\t\t\t\t\t\t\t\t\t<span class=\"elementor-accordion-icon elementor-accordion-icon-left\" aria-hidden=\"true\">\n\t\t\t\t\t\t\t\t\t\t\t\t\t\t\t<span class=\"elementor-accordion-icon-closed\"><i class=\"fas fa-chevron-down\"><\/i><\/span>\n\t\t\t\t\t\t\t\t<span class=\"elementor-accordion-icon-opened\"><i class=\"fas fa-minus\"><\/i><\/span>\n\t\t\t\t\t\t\t\t\t\t\t\t\t\t<\/span>\n\t\t\t\t\t\t\t\t\t\t\t\t<a class=\"elementor-accordion-title\" tabindex=\"0\">Images by<\/a>\n\t\t\t\t\t<\/div>\n\t\t\t\t\t<div id=\"elementor-tab-content-1665\" class=\"elementor-tab-content elementor-clearfix\" data-tab=\"5\" role=\"region\" aria-labelledby=\"elementor-tab-title-1665\"><p>\u00a0<\/p><p>Foto di <a href=\"https:\/\/unsplash.com\/it\/@mdisc?utm_content=creditCopyText&amp;utm_medium=referral&amp;utm_source=unsplash\">Michael Discenza<\/a> su <a href=\"https:\/\/unsplash.com\/it\/foto\/foto-di-paesaggio-dellempire-state-building-di-new-york-5omwAMDxmkU?utm_content=creditCopyText&amp;utm_medium=referral&amp;utm_source=unsplash\">Unsplash<\/a><\/p><p>Foto di <a href=\"https:\/\/unsplash.com\/it\/@robertbye?utm_content=creditCopyText&amp;utm_medium=referral&amp;utm_source=unsplash\">Robert Bye<\/a> su <a href=\"https:\/\/unsplash.com\/it\/foto\/auto-gialla-che-corre-sulla-strada-tra-ledificio-durante-il-giorno-WTPp4wgourk?utm_content=creditCopyText&amp;utm_medium=referral&amp;utm_source=unsplash\">Unsplash<\/a><\/p><p>Foto di <a href=\"https:\/\/unsplash.com\/it\/@fellowferdi?utm_content=creditCopyText&amp;utm_medium=referral&amp;utm_source=unsplash\">Ferdinand St\u00f6hr<\/a> su <a href=\"https:\/\/unsplash.com\/it\/foto\/statua-della-liberta-new-york-sotto-cieli-nuvolosi-bianchi-e-blu-PeFk7fzxTdk?utm_content=creditCopyText&amp;utm_medium=referral&amp;utm_source=unsplash\">Unsplash<\/a><\/p><\/div>\n\t\t\t\t<\/div>\n\t\t\t\t\t\t\t\t<\/div>\n\t\t\t\t\t\t<\/div>\n\t\t\t\t<\/div>\n\t\t\t\t\t<\/div>\n\t\t<\/div>\n\t\t\t\t\t<\/div>\n\t\t<\/section>\n\t\t\t\t<\/div>\n\t\t","protected":false},"excerpt":{"rendered":"<p>SPECIALE NATALE A NEW YORK Descrizione New York \u00e8 pura energia tra i grattacieli, il traffico movimentato e le luci splendenti, \u00e8 sede dei pi\u00f9 bei musei del mondo, dei ristoranti pi\u00f9 vari e di musica e spettacolo dei massimi livelli. Infiniti marciapiedi conducono a strade delineate da caff\u00e8, ai negozi di stilisti esclusivi e [&hellip;]<\/p>\n","protected":false},"author":1,"featured_media":0,"parent":0,"menu_order":0,"comment_status":"closed","ping_status":"closed","template":"","meta":{"footnotes":""},"class_list":["post-2953","page","type-page","status-publish","hentry"],"_links":{"self":[{"href":"http:\/\/www.atticaviaggi.it\/index.php?rest_route=\/wp\/v2\/pages\/2953","targetHints":{"allow":["GET"]}}],"collection":[{"href":"http:\/\/www.atticaviaggi.it\/index.php?rest_route=\/wp\/v2\/pages"}],"about":[{"href":"http:\/\/www.atticaviaggi.it\/index.php?rest_route=\/wp\/v2\/types\/page"}],"author":[{"embeddable":true,"href":"http:\/\/www.atticaviaggi.it\/index.php?rest_route=\/wp\/v2\/users\/1"}],"replies":[{"embeddable":true,"href":"http:\/\/www.atticaviaggi.it\/index.php?rest_route=%2Fwp%2Fv2%2Fcomments&post=2953"}],"version-history":[{"count":15,"href":"http:\/\/www.atticaviaggi.it\/index.php?rest_route=\/wp\/v2\/pages\/2953\/revisions"}],"predecessor-version":[{"id":3461,"href":"http:\/\/www.atticaviaggi.it\/index.php?rest_route=\/wp\/v2\/pages\/2953\/revisions\/3461"}],"wp:attachment":[{"href":"http:\/\/www.atticaviaggi.it\/index.php?rest_route=%2Fwp%2Fv2%2Fmedia&parent=2953"}],"curies":[{"name":"wp","href":"https:\/\/api.w.org\/{rel}","templated":true}]}}