{"id":3028,"date":"2023-08-29T11:49:24","date_gmt":"2023-08-29T09:49:24","guid":{"rendered":"http:\/\/www.atticaviaggi.it\/?page_id=3028"},"modified":"2025-04-28T11:41:36","modified_gmt":"2025-04-28T09:41:36","slug":"il-cairo-e-la-crociera-sul-nilo","status":"publish","type":"page","link":"http:\/\/www.atticaviaggi.it\/?page_id=3028","title":{"rendered":"IL CAIRO E LA CROCIERA SUL NILO"},"content":{"rendered":"\t\t<div data-elementor-type=\"wp-page\" data-elementor-id=\"3028\" class=\"elementor elementor-3028\">\n\t\t\t\t\t\t<section class=\"elementor-section elementor-top-section elementor-element elementor-element-5a1d6d4 elementor-section-boxed elementor-section-height-default elementor-section-height-default\" data-id=\"5a1d6d4\" data-element_type=\"section\" data-e-type=\"section\">\n\t\t\t\t\t\t<div class=\"elementor-container elementor-column-gap-default\">\n\t\t\t\t\t<div class=\"elementor-column elementor-col-100 elementor-top-column elementor-element elementor-element-53e33cb\" data-id=\"53e33cb\" data-element_type=\"column\" data-e-type=\"column\">\n\t\t\t<div class=\"elementor-widget-wrap elementor-element-populated\">\n\t\t\t\t\t\t<div class=\"elementor-element elementor-element-3624cee elementor-invisible elementor-widget elementor-widget-heading\" data-id=\"3624cee\" data-element_type=\"widget\" data-e-type=\"widget\" data-settings=\"{&quot;_animation&quot;:&quot;fadeInLeft&quot;}\" data-widget_type=\"heading.default\">\n\t\t\t\t<div class=\"elementor-widget-container\">\n\t\t\t\t\t<h2 class=\"elementor-heading-title elementor-size-large\">CROCIERA SUL NILO<\/h2>\t\t\t\t<\/div>\n\t\t\t\t<\/div>\n\t\t\t\t\t<\/div>\n\t\t<\/div>\n\t\t\t\t\t<\/div>\n\t\t<\/section>\n\t\t\t\t<section class=\"elementor-section elementor-top-section elementor-element elementor-element-8c152ec elementor-section-boxed elementor-section-height-default elementor-section-height-default\" data-id=\"8c152ec\" data-element_type=\"section\" data-e-type=\"section\">\n\t\t\t\t\t\t<div class=\"elementor-container elementor-column-gap-default\">\n\t\t\t\t\t<div class=\"elementor-column elementor-col-100 elementor-top-column elementor-element elementor-element-c5a746f\" data-id=\"c5a746f\" data-element_type=\"column\" data-e-type=\"column\">\n\t\t\t<div class=\"elementor-widget-wrap elementor-element-populated\">\n\t\t\t\t\t\t<div class=\"elementor-element elementor-element-8248e24 elementor-arrows-position-inside elementor-pagination-position-outside elementor-widget elementor-widget-image-carousel\" data-id=\"8248e24\" data-element_type=\"widget\" data-e-type=\"widget\" data-settings=\"{&quot;autoplay_speed&quot;:2500,&quot;speed&quot;:450,&quot;navigation&quot;:&quot;both&quot;,&quot;autoplay&quot;:&quot;yes&quot;,&quot;pause_on_hover&quot;:&quot;yes&quot;,&quot;pause_on_interaction&quot;:&quot;yes&quot;,&quot;infinite&quot;:&quot;yes&quot;}\" data-widget_type=\"image-carousel.default\">\n\t\t\t\t<div class=\"elementor-widget-container\">\n\t\t\t\t\t\t\t<div class=\"elementor-image-carousel-wrapper swiper\" role=\"region\" aria-roledescription=\"carousel\" aria-label=\"Carosello d&#039;immagini\" dir=\"ltr\">\n\t\t\t<div class=\"elementor-image-carousel swiper-wrapper\" aria-live=\"off\">\n\t\t\t\t\t\t\t\t<div class=\"swiper-slide\" role=\"group\" aria-roledescription=\"slide\" aria-label=\"1 di 4\"><figure class=\"swiper-slide-inner\"><img decoding=\"async\" class=\"swiper-slide-image\" src=\"http:\/\/www.atticaviaggi.it\/wp-content\/uploads\/elementor\/thumbs\/spencer-davis-ONVA6s03hg8-unsplash-1-scaled-rfh7zfhazxxfy59mu88g1kvd2ts39fi2kvf3ti1v00.jpg\" alt=\"spencer-davis-ONVA6s03hg8-unsplash\" \/><\/figure><\/div><div class=\"swiper-slide\" role=\"group\" aria-roledescription=\"slide\" aria-label=\"2 di 4\"><figure class=\"swiper-slide-inner\"><img decoding=\"async\" class=\"swiper-slide-image\" src=\"http:\/\/www.atticaviaggi.it\/wp-content\/uploads\/elementor\/thumbs\/omar-elsharawy-pwMbtwA9LRc-unsplash-scaled-rfh7zgf56ryq9r89oqn2m2mto7ngh4lsx02las0gts.jpg\" alt=\"omar-elsharawy-pwMbtwA9LRc-unsplash\" \/><\/figure><\/div><div class=\"swiper-slide\" role=\"group\" aria-roledescription=\"slide\" aria-label=\"3 di 4\"><figure class=\"swiper-slide-inner\"><img decoding=\"async\" class=\"swiper-slide-image\" src=\"http:\/\/www.atticaviaggi.it\/wp-content\/uploads\/elementor\/thumbs\/rosario-janza-69qT-N3L5sc-unsplash-1-scaled-rfh7zejgt3w5mjazzptth33whfwq1qec8qrmc83968.jpg\" alt=\"rosario-janza-69qT-N3L5sc-unsplash (1)\" \/><\/figure><\/div><div class=\"swiper-slide\" role=\"group\" aria-roledescription=\"slide\" aria-label=\"4 di 4\"><figure class=\"swiper-slide-inner\"><img decoding=\"async\" class=\"swiper-slide-image\" src=\"http:\/\/www.atticaviaggi.it\/wp-content\/uploads\/elementor\/thumbs\/aussieactive-GNdp2Q4VZjw-unsplash-scaled-rfh7yrzc9319vw7rng2rt8su86zwwzws5n3ytl0pbk.jpg\" alt=\"aussieactive-GNdp2Q4VZjw-unsplash\" \/><\/figure><\/div>\t\t\t<\/div>\n\t\t\t\t\t\t\t\t\t\t\t\t<div class=\"elementor-swiper-button elementor-swiper-button-prev\" role=\"button\" tabindex=\"0\">\n\t\t\t\t\t\t<i aria-hidden=\"true\" class=\"eicon-chevron-left\"><\/i>\t\t\t\t\t<\/div>\n\t\t\t\t\t<div class=\"elementor-swiper-button elementor-swiper-button-next\" role=\"button\" tabindex=\"0\">\n\t\t\t\t\t\t<i aria-hidden=\"true\" class=\"eicon-chevron-right\"><\/i>\t\t\t\t\t<\/div>\n\t\t\t\t\n\t\t\t\t\t\t\t\t\t<div class=\"swiper-pagination\"><\/div>\n\t\t\t\t\t\t\t\t\t<\/div>\n\t\t\t\t\t\t<\/div>\n\t\t\t\t<\/div>\n\t\t\t\t\t<\/div>\n\t\t<\/div>\n\t\t\t\t\t<\/div>\n\t\t<\/section>\n\t\t\t\t<section class=\"elementor-section elementor-top-section elementor-element elementor-element-8c32c7f elementor-section-boxed elementor-section-height-default elementor-section-height-default\" data-id=\"8c32c7f\" data-element_type=\"section\" data-e-type=\"section\">\n\t\t\t\t\t\t<div class=\"elementor-container elementor-column-gap-default\">\n\t\t\t\t\t<div class=\"elementor-column elementor-col-100 elementor-top-column elementor-element elementor-element-96f8a93\" data-id=\"96f8a93\" data-element_type=\"column\" data-e-type=\"column\">\n\t\t\t<div class=\"elementor-widget-wrap elementor-element-populated\">\n\t\t\t\t\t\t<div class=\"elementor-element elementor-element-a9e8455 elementor-widget elementor-widget-accordion\" data-id=\"a9e8455\" data-element_type=\"widget\" data-e-type=\"widget\" data-widget_type=\"accordion.default\">\n\t\t\t\t<div class=\"elementor-widget-container\">\n\t\t\t\t\t\t\t<div class=\"elementor-accordion\">\n\t\t\t\t\t\t\t<div class=\"elementor-accordion-item\">\n\t\t\t\t\t<div id=\"elementor-tab-title-1781\" class=\"elementor-tab-title\" data-tab=\"1\" role=\"button\" aria-controls=\"elementor-tab-content-1781\" aria-expanded=\"false\">\n\t\t\t\t\t\t\t\t\t\t\t\t\t<span class=\"elementor-accordion-icon elementor-accordion-icon-left\" aria-hidden=\"true\">\n\t\t\t\t\t\t\t\t\t\t\t\t\t\t\t<span class=\"elementor-accordion-icon-closed\"><i class=\"fas fa-chevron-down\"><\/i><\/span>\n\t\t\t\t\t\t\t\t<span class=\"elementor-accordion-icon-opened\"><i class=\"fas fa-minus\"><\/i><\/span>\n\t\t\t\t\t\t\t\t\t\t\t\t\t\t<\/span>\n\t\t\t\t\t\t\t\t\t\t\t\t<a class=\"elementor-accordion-title\" tabindex=\"0\">Descrizione<\/a>\n\t\t\t\t\t<\/div>\n\t\t\t\t\t<div id=\"elementor-tab-content-1781\" class=\"elementor-tab-content elementor-clearfix\" data-tab=\"1\" role=\"region\" aria-labelledby=\"elementor-tab-title-1781\"><p align=\"left\">Uno dei modi migliori e pi\u00f9 piacevoli di visitare l\u2019Egitto \u00e8 senza dubbio una<strong>\u00a0crociera sul Nilo.<\/strong><\/p><p align=\"left\">Una\u00a0<strong>crociera sul Nilo\u00a0<\/strong>significa attraversare i bellissimi paesaggi dell\u2019Egitto seguendo il corso del<strong>\u00a0Nilo<\/strong>, da<strong>\u00a0Luxor\u00a0<\/strong>ad\u00a0<strong>Assuan<\/strong>, uno dei tratti pi\u00f9 ricchi di luoghi storici e siti archeologici testimoni della grandiosa civilt\u00e0 egizia. Il paesaggio che si pu\u00f2 ammirare lungo questo percorso \u00e8 incantevole:\u00a0 le oasi verdi si mescolano al deserto\u00a0 e ai massicci rocciosi per offrire uno spettacolo incredibile!<\/p><p align=\"left\">Se volessimo dare una definizione di\u00a0<strong>crociera sul Nilo\u00a0\u00a0<\/strong>diremmo che \u00e8 un <strong>viaggio<\/strong>\u00a0indietro nel tempo alla scoperta delle radici della storia egizia, che vi stupir\u00e0 ed emozioner\u00e0, un viaggio magico, senza tempo, quasi mistico perch\u00e9 compiuto sul fiume considerato sacro dagli dei egizi, un\u2019esperienza che vale la pena vivere almeno una volta nella vita.<\/p><p align=\"left\">Una<strong>\u00a0 crociera sul Nilo\u00a0<\/strong>\u00e8 una<strong>\u00a0vacanza\u00a0<\/strong>ideale sia per chi visita l\u2019Egitto per la prima volta, sia per chi vi \u00e8 gi\u00e0 stato ma vuole conoscerlo da un\u2019altra prospettiva!<\/p><\/div>\n\t\t\t\t<\/div>\n\t\t\t\t\t\t\t<div class=\"elementor-accordion-item\">\n\t\t\t\t\t<div id=\"elementor-tab-title-1782\" class=\"elementor-tab-title\" data-tab=\"2\" role=\"button\" aria-controls=\"elementor-tab-content-1782\" aria-expanded=\"false\">\n\t\t\t\t\t\t\t\t\t\t\t\t\t<span class=\"elementor-accordion-icon elementor-accordion-icon-left\" aria-hidden=\"true\">\n\t\t\t\t\t\t\t\t\t\t\t\t\t\t\t<span class=\"elementor-accordion-icon-closed\"><i class=\"fas fa-chevron-down\"><\/i><\/span>\n\t\t\t\t\t\t\t\t<span class=\"elementor-accordion-icon-opened\"><i class=\"fas fa-minus\"><\/i><\/span>\n\t\t\t\t\t\t\t\t\t\t\t\t\t\t<\/span>\n\t\t\t\t\t\t\t\t\t\t\t\t<a class=\"elementor-accordion-title\" tabindex=\"0\">Servizi inclusi<\/a>\n\t\t\t\t\t<\/div>\n\t\t\t\t\t<div id=\"elementor-tab-content-1782\" class=\"elementor-tab-content elementor-clearfix\" data-tab=\"2\" role=\"region\" aria-labelledby=\"elementor-tab-title-1782\"><ul><li>voli di linea andata &gt;\u00a0 Luxol da Milano &#8211; ritorno Cairo&gt; Milano<\/li><li>tasse aeroportuali\u00a0<\/li><li>visto<\/li><li>\u00a07 giorni\u00a0 in crociera sul Nilo a bordo di motonave 5 stelle<\/li><li>visite, ingressi ed escursioni da programma\u00a0<\/li><li>escursione in bus privato ad Ab\u016b Simbel<\/li><li>guida e accompagnatore dall\u2019Italia<\/li><li>assicurazione medico-bagaglio, documenti di viaggio.<\/li><\/ul><\/div>\n\t\t\t\t<\/div>\n\t\t\t\t\t\t\t<div class=\"elementor-accordion-item\">\n\t\t\t\t\t<div id=\"elementor-tab-title-1783\" class=\"elementor-tab-title\" data-tab=\"3\" role=\"button\" aria-controls=\"elementor-tab-content-1783\" aria-expanded=\"false\">\n\t\t\t\t\t\t\t\t\t\t\t\t\t<span class=\"elementor-accordion-icon elementor-accordion-icon-left\" aria-hidden=\"true\">\n\t\t\t\t\t\t\t\t\t\t\t\t\t\t\t<span class=\"elementor-accordion-icon-closed\"><i class=\"fas fa-chevron-down\"><\/i><\/span>\n\t\t\t\t\t\t\t\t<span class=\"elementor-accordion-icon-opened\"><i class=\"fas fa-minus\"><\/i><\/span>\n\t\t\t\t\t\t\t\t\t\t\t\t\t\t<\/span>\n\t\t\t\t\t\t\t\t\t\t\t\t<a class=\"elementor-accordion-title\" tabindex=\"0\">Partenze<\/a>\n\t\t\t\t\t<\/div>\n\t\t\t\t\t<div id=\"elementor-tab-content-1783\" class=\"elementor-tab-content elementor-clearfix\" data-tab=\"3\" role=\"region\" aria-labelledby=\"elementor-tab-title-1783\"><p>DAL 07 AL 14 SETTEMBRE 2025<\/p><\/div>\n\t\t\t\t<\/div>\n\t\t\t\t\t\t\t<div class=\"elementor-accordion-item\">\n\t\t\t\t\t<div id=\"elementor-tab-title-1784\" class=\"elementor-tab-title\" data-tab=\"4\" role=\"button\" aria-controls=\"elementor-tab-content-1784\" aria-expanded=\"false\">\n\t\t\t\t\t\t\t\t\t\t\t\t\t<span class=\"elementor-accordion-icon elementor-accordion-icon-left\" aria-hidden=\"true\">\n\t\t\t\t\t\t\t\t\t\t\t\t\t\t\t<span class=\"elementor-accordion-icon-closed\"><i class=\"fas fa-chevron-down\"><\/i><\/span>\n\t\t\t\t\t\t\t\t<span class=\"elementor-accordion-icon-opened\"><i class=\"fas fa-minus\"><\/i><\/span>\n\t\t\t\t\t\t\t\t\t\t\t\t\t\t<\/span>\n\t\t\t\t\t\t\t\t\t\t\t\t<a class=\"elementor-accordion-title\" tabindex=\"0\">Prezzo<\/a>\n\t\t\t\t\t<\/div>\n\t\t\t\t\t<div id=\"elementor-tab-content-1784\" class=\"elementor-tab-content elementor-clearfix\" data-tab=\"4\" role=\"region\" aria-labelledby=\"elementor-tab-title-1784\"><p><span style=\"color: #000000;\">A PARTIRE DA \u20ac 3688 a coppia<\/span><\/p><\/div>\n\t\t\t\t<\/div>\n\t\t\t\t\t\t\t<div class=\"elementor-accordion-item\">\n\t\t\t\t\t<div id=\"elementor-tab-title-1785\" class=\"elementor-tab-title\" data-tab=\"5\" role=\"button\" aria-controls=\"elementor-tab-content-1785\" aria-expanded=\"false\">\n\t\t\t\t\t\t\t\t\t\t\t\t\t<span class=\"elementor-accordion-icon elementor-accordion-icon-left\" aria-hidden=\"true\">\n\t\t\t\t\t\t\t\t\t\t\t\t\t\t\t<span class=\"elementor-accordion-icon-closed\"><i class=\"fas fa-chevron-down\"><\/i><\/span>\n\t\t\t\t\t\t\t\t<span class=\"elementor-accordion-icon-opened\"><i class=\"fas fa-minus\"><\/i><\/span>\n\t\t\t\t\t\t\t\t\t\t\t\t\t\t<\/span>\n\t\t\t\t\t\t\t\t\t\t\t\t<a class=\"elementor-accordion-title\" tabindex=\"0\">Images by<\/a>\n\t\t\t\t\t<\/div>\n\t\t\t\t\t<div id=\"elementor-tab-content-1785\" class=\"elementor-tab-content elementor-clearfix\" data-tab=\"5\" role=\"region\" aria-labelledby=\"elementor-tab-title-1785\"><p>Foto di <a href=\"https:\/\/unsplash.com\/it\/@janza?utm_source=unsplash&amp;utm_medium=referral&amp;utm_content=creditCopyText\">rosario janza<\/a> su <a href=\"https:\/\/unsplash.com\/it\/foto\/69qT-N3L5sc?utm_source=unsplash&amp;utm_medium=referral&amp;utm_content=creditCopyText\">Unsplash<\/a><\/p><p>Foto di <a href=\"https:\/\/unsplash.com\/it\/@janza?utm_source=unsplash&amp;utm_medium=referral&amp;utm_content=creditCopyText\">rosario janza<\/a> su <a href=\"https:\/\/unsplash.com\/it\/foto\/69qT-N3L5sc?utm_source=unsplash&amp;utm_medium=referral&amp;utm_content=creditCopyText\">Unsplash<\/a><\/p><p>Foto di <a href=\"https:\/\/unsplash.com\/it\/@esh3rwy?utm_source=unsplash&amp;utm_medium=referral&amp;utm_content=creditCopyText\">Omar Elsharawy<\/a> su <a href=\"https:\/\/unsplash.com\/it\/foto\/pwMbtwA9LRc?utm_source=unsplash&amp;utm_medium=referral&amp;utm_content=creditCopyText\">Unsplash<\/a><\/p><p>Foto di <a href=\"https:\/\/unsplash.com\/it\/@aussieactive?utm_content=creditCopyText&amp;utm_medium=referral&amp;utm_source=unsplash\">AussieActive<\/a> su <a href=\"https:\/\/unsplash.com\/it\/foto\/antico-faraone-seduto-monumento-GNdp2Q4VZjw?utm_content=creditCopyText&amp;utm_medium=referral&amp;utm_source=unsplash\">Unsplash<\/a><\/p><\/div>\n\t\t\t\t<\/div>\n\t\t\t\t\t\t\t\t<\/div>\n\t\t\t\t\t\t<\/div>\n\t\t\t\t<\/div>\n\t\t\t\t\t<\/div>\n\t\t<\/div>\n\t\t\t\t\t<\/div>\n\t\t<\/section>\n\t\t\t\t<\/div>\n\t\t","protected":false},"excerpt":{"rendered":"<p>CROCIERA SUL NILO Descrizione Uno dei modi migliori e pi\u00f9 piacevoli di visitare l\u2019Egitto \u00e8 senza dubbio una\u00a0crociera sul Nilo. Una\u00a0crociera sul Nilo\u00a0significa attraversare i bellissimi paesaggi dell\u2019Egitto seguendo il corso del\u00a0Nilo, da\u00a0Luxor\u00a0ad\u00a0Assuan, uno dei tratti pi\u00f9 ricchi di luoghi storici e siti archeologici testimoni della grandiosa civilt\u00e0 egizia. Il paesaggio che si pu\u00f2 ammirare [&hellip;]<\/p>\n","protected":false},"author":1,"featured_media":0,"parent":0,"menu_order":0,"comment_status":"closed","ping_status":"closed","template":"","meta":{"footnotes":""},"class_list":["post-3028","page","type-page","status-publish","hentry"],"_links":{"self":[{"href":"http:\/\/www.atticaviaggi.it\/index.php?rest_route=\/wp\/v2\/pages\/3028","targetHints":{"allow":["GET"]}}],"collection":[{"href":"http:\/\/www.atticaviaggi.it\/index.php?rest_route=\/wp\/v2\/pages"}],"about":[{"href":"http:\/\/www.atticaviaggi.it\/index.php?rest_route=\/wp\/v2\/types\/page"}],"author":[{"embeddable":true,"href":"http:\/\/www.atticaviaggi.it\/index.php?rest_route=\/wp\/v2\/users\/1"}],"replies":[{"embeddable":true,"href":"http:\/\/www.atticaviaggi.it\/index.php?rest_route=%2Fwp%2Fv2%2Fcomments&post=3028"}],"version-history":[{"count":11,"href":"http:\/\/www.atticaviaggi.it\/index.php?rest_route=\/wp\/v2\/pages\/3028\/revisions"}],"predecessor-version":[{"id":3470,"href":"http:\/\/www.atticaviaggi.it\/index.php?rest_route=\/wp\/v2\/pages\/3028\/revisions\/3470"}],"wp:attachment":[{"href":"http:\/\/www.atticaviaggi.it\/index.php?rest_route=%2Fwp%2Fv2%2Fmedia&parent=3028"}],"curies":[{"name":"wp","href":"https:\/\/api.w.org\/{rel}","templated":true}]}}