{"id":3490,"date":"2025-05-08T11:55:50","date_gmt":"2025-05-08T09:55:50","guid":{"rendered":"http:\/\/www.atticaviaggi.it\/?page_id=3490"},"modified":"2025-05-08T12:12:59","modified_gmt":"2025-05-08T10:12:59","slug":"istanbul-e-la-cappadocia","status":"publish","type":"page","link":"http:\/\/www.atticaviaggi.it\/?page_id=3490","title":{"rendered":"ISTANBUL E LA CAPPADOCIA"},"content":{"rendered":"\t\t<div data-elementor-type=\"wp-page\" data-elementor-id=\"3490\" class=\"elementor elementor-3490\">\n\t\t\t\t\t\t<section class=\"elementor-section elementor-top-section elementor-element elementor-element-e72d93d elementor-section-boxed elementor-section-height-default elementor-section-height-default\" data-id=\"e72d93d\" data-element_type=\"section\" data-e-type=\"section\">\n\t\t\t\t\t\t<div class=\"elementor-container elementor-column-gap-default\">\n\t\t\t\t\t<div class=\"elementor-column elementor-col-100 elementor-top-column elementor-element elementor-element-cba0cd5\" data-id=\"cba0cd5\" data-element_type=\"column\" data-e-type=\"column\">\n\t\t\t<div class=\"elementor-widget-wrap elementor-element-populated\">\n\t\t\t\t\t\t<div class=\"elementor-element elementor-element-c66fd54 elementor-invisible elementor-widget elementor-widget-heading\" data-id=\"c66fd54\" data-element_type=\"widget\" data-e-type=\"widget\" data-settings=\"{&quot;_animation&quot;:&quot;fadeInLeft&quot;}\" data-widget_type=\"heading.default\">\n\t\t\t\t<div class=\"elementor-widget-container\">\n\t\t\t\t\t<h2 class=\"elementor-heading-title elementor-size-large\">Istanbul e la Cappadocia<\/h2>\t\t\t\t<\/div>\n\t\t\t\t<\/div>\n\t\t\t\t\t<\/div>\n\t\t<\/div>\n\t\t\t\t\t<\/div>\n\t\t<\/section>\n\t\t\t\t<section class=\"elementor-section elementor-top-section elementor-element elementor-element-e319e5d elementor-section-boxed elementor-section-height-default elementor-section-height-default\" data-id=\"e319e5d\" data-element_type=\"section\" data-e-type=\"section\">\n\t\t\t\t\t\t<div class=\"elementor-container elementor-column-gap-default\">\n\t\t\t\t\t<div class=\"elementor-column elementor-col-100 elementor-top-column elementor-element elementor-element-3db8d03\" data-id=\"3db8d03\" data-element_type=\"column\" data-e-type=\"column\">\n\t\t\t<div class=\"elementor-widget-wrap elementor-element-populated\">\n\t\t\t\t\t\t<div class=\"elementor-element elementor-element-f645855 elementor-arrows-position-inside elementor-pagination-position-outside elementor-widget elementor-widget-image-carousel\" data-id=\"f645855\" data-element_type=\"widget\" data-e-type=\"widget\" data-settings=\"{&quot;autoplay_speed&quot;:2500,&quot;speed&quot;:450,&quot;navigation&quot;:&quot;both&quot;,&quot;autoplay&quot;:&quot;yes&quot;,&quot;pause_on_hover&quot;:&quot;yes&quot;,&quot;pause_on_interaction&quot;:&quot;yes&quot;,&quot;infinite&quot;:&quot;yes&quot;}\" data-widget_type=\"image-carousel.default\">\n\t\t\t\t<div class=\"elementor-widget-container\">\n\t\t\t\t\t\t\t<div class=\"elementor-image-carousel-wrapper swiper\" role=\"region\" aria-roledescription=\"carousel\" aria-label=\"Carosello d&#039;immagini\" dir=\"ltr\">\n\t\t\t<div class=\"elementor-image-carousel swiper-wrapper\" aria-live=\"off\">\n\t\t\t\t\t\t\t\t<div class=\"swiper-slide\" role=\"group\" aria-roledescription=\"slide\" aria-label=\"1 di 3\"><figure class=\"swiper-slide-inner\"><img decoding=\"async\" class=\"swiper-slide-image\" src=\"http:\/\/www.atticaviaggi.it\/wp-content\/uploads\/elementor\/thumbs\/ramzi-belaidi-bU0-0vlEfZU-unsplash-1-scaled-rfh7yrzc9325sz9nm4f0bj3nmldo3s710a2zl00288.jpg\" alt=\"ramzi-belaidi-bU0-0vlEfZU-unsplash (1)\" \/><\/figure><\/div><div class=\"swiper-slide\" role=\"group\" aria-roledescription=\"slide\" aria-label=\"2 di 3\"><figure class=\"swiper-slide-inner\"><img decoding=\"async\" class=\"swiper-slide-image\" src=\"http:\/\/www.atticaviaggi.it\/wp-content\/uploads\/elementor\/thumbs\/fatih-yurur-kNSREmtaGOE-unsplash-4-scaled-rfh7yrzc9325sz9nm4f0bj3nmldo3s710a2zl00288.jpg\" alt=\"fatih-yurur-kNSREmtaGOE-unsplash (4)\" \/><\/figure><\/div><div class=\"swiper-slide\" role=\"group\" aria-roledescription=\"slide\" aria-label=\"3 di 3\"><figure class=\"swiper-slide-inner\"><img decoding=\"async\" class=\"swiper-slide-image\" src=\"http:\/\/www.atticaviaggi.it\/wp-content\/uploads\/elementor\/thumbs\/hussein-a-himmati-u_PuOVTTfOg-unsplash-scaled-rfh7yrzc9325sz9nm4f0bj3nmldo3s710a2zl00288.jpg\" alt=\"hussein-a-himmati-u_PuOVTTfOg-unsplash\" \/><\/figure><\/div>\t\t\t<\/div>\n\t\t\t\t\t\t\t\t\t\t\t\t<div class=\"elementor-swiper-button elementor-swiper-button-prev\" role=\"button\" tabindex=\"0\">\n\t\t\t\t\t\t<i aria-hidden=\"true\" class=\"eicon-chevron-left\"><\/i>\t\t\t\t\t<\/div>\n\t\t\t\t\t<div class=\"elementor-swiper-button elementor-swiper-button-next\" role=\"button\" tabindex=\"0\">\n\t\t\t\t\t\t<i aria-hidden=\"true\" class=\"eicon-chevron-right\"><\/i>\t\t\t\t\t<\/div>\n\t\t\t\t\n\t\t\t\t\t\t\t\t\t<div class=\"swiper-pagination\"><\/div>\n\t\t\t\t\t\t\t\t\t<\/div>\n\t\t\t\t\t\t<\/div>\n\t\t\t\t<\/div>\n\t\t\t\t\t<\/div>\n\t\t<\/div>\n\t\t\t\t\t<\/div>\n\t\t<\/section>\n\t\t\t\t<section class=\"elementor-section elementor-top-section elementor-element elementor-element-565fe53 elementor-section-boxed elementor-section-height-default elementor-section-height-default\" data-id=\"565fe53\" data-element_type=\"section\" data-e-type=\"section\">\n\t\t\t\t\t\t<div class=\"elementor-container elementor-column-gap-default\">\n\t\t\t\t\t<div class=\"elementor-column elementor-col-100 elementor-top-column elementor-element elementor-element-e196dc8\" data-id=\"e196dc8\" data-element_type=\"column\" data-e-type=\"column\">\n\t\t\t<div class=\"elementor-widget-wrap elementor-element-populated\">\n\t\t\t\t\t\t<div class=\"elementor-element elementor-element-efeece1 elementor-widget elementor-widget-accordion\" data-id=\"efeece1\" data-element_type=\"widget\" data-e-type=\"widget\" data-widget_type=\"accordion.default\">\n\t\t\t\t<div class=\"elementor-widget-container\">\n\t\t\t\t\t\t\t<div class=\"elementor-accordion\">\n\t\t\t\t\t\t\t<div class=\"elementor-accordion-item\">\n\t\t\t\t\t<div id=\"elementor-tab-title-2511\" class=\"elementor-tab-title\" data-tab=\"1\" role=\"button\" aria-controls=\"elementor-tab-content-2511\" aria-expanded=\"false\">\n\t\t\t\t\t\t\t\t\t\t\t\t\t<span class=\"elementor-accordion-icon elementor-accordion-icon-left\" aria-hidden=\"true\">\n\t\t\t\t\t\t\t\t\t\t\t\t\t\t\t<span class=\"elementor-accordion-icon-closed\"><i class=\"fas fa-chevron-down\"><\/i><\/span>\n\t\t\t\t\t\t\t\t<span class=\"elementor-accordion-icon-opened\"><i class=\"fas fa-minus\"><\/i><\/span>\n\t\t\t\t\t\t\t\t\t\t\t\t\t\t<\/span>\n\t\t\t\t\t\t\t\t\t\t\t\t<a class=\"elementor-accordion-title\" tabindex=\"0\">Descrizione<\/a>\n\t\t\t\t\t<\/div>\n\t\t\t\t\t<div id=\"elementor-tab-content-2511\" class=\"elementor-tab-content elementor-clearfix\" data-tab=\"1\" role=\"region\" aria-labelledby=\"elementor-tab-title-2511\"><p><span style=\"color: #000000;\">Istanbul: un incanto, una bellezza, le strade pulite e profumate di spezie, la gente cordiale, accogliente ed amabile, lo skyline pi\u00f9 bello del mondo, ed una cucina sbalorditiva.\u00a0<\/span><span style=\"color: #000000;\">Istanbul \u00e8 una citt\u00e0 ricca di fascino e di mistero, una metropoli che si estende tra il continente europeo e quello asiatico, divisa dal suggestivo Stretto del Bosforo.<\/span><\/p><p>\u00a0La <b>Cappadocia<\/b> \u00e8 uno dei luoghi da visitare almeno una volta nella vita, una meraviglia che non sembra appartenere alla terra ma bens\u00ec alla luna. Paesaggi che sembrano modellati a mano, citt\u00e0 incastrate in vorticosi paesaggi di roccia vulcanica.<\/p><p>Avrete modo di vedere villaggi scavati nelle colline, chiese bizantine nella roccia con affreschi mozzafiato e labirintiche citt\u00e0 sotterranee, dove un tempo i primi cristiani si nascondevano dagli invasori.<\/p><p><span style=\"color: #000000;\">\u00a0<\/span><\/p><\/div>\n\t\t\t\t<\/div>\n\t\t\t\t\t\t\t<div class=\"elementor-accordion-item\">\n\t\t\t\t\t<div id=\"elementor-tab-title-2512\" class=\"elementor-tab-title\" data-tab=\"2\" role=\"button\" aria-controls=\"elementor-tab-content-2512\" aria-expanded=\"false\">\n\t\t\t\t\t\t\t\t\t\t\t\t\t<span class=\"elementor-accordion-icon elementor-accordion-icon-left\" aria-hidden=\"true\">\n\t\t\t\t\t\t\t\t\t\t\t\t\t\t\t<span class=\"elementor-accordion-icon-closed\"><i class=\"fas fa-chevron-down\"><\/i><\/span>\n\t\t\t\t\t\t\t\t<span class=\"elementor-accordion-icon-opened\"><i class=\"fas fa-minus\"><\/i><\/span>\n\t\t\t\t\t\t\t\t\t\t\t\t\t\t<\/span>\n\t\t\t\t\t\t\t\t\t\t\t\t<a class=\"elementor-accordion-title\" tabindex=\"0\">Servizi inclusi<\/a>\n\t\t\t\t\t<\/div>\n\t\t\t\t\t<div id=\"elementor-tab-content-2512\" class=\"elementor-tab-content elementor-clearfix\" data-tab=\"2\" role=\"region\" aria-labelledby=\"elementor-tab-title-2512\"><ul><li class=\"grey subtitle\"><span style=\"color: #000000;\">VOLI DIRETTI \u201cTURKISH AIRLINES\u201d DA VENEZIA AD ISTANBUL A\/R COMPRENSIVO DI 1 BAGAGLIO A MANO (08Kg) E 1 BAGAGLIO IN STIVA\u00a0(23Kg) IN CLASSE ECONOMICA<\/span><\/li><li class=\"grey subtitle\"><span style=\"color: #000000;\">TRASFERIMENTO CON BUS RISERVATO ED ASSISTENZA IN ITALIANO DA AEROPORTO DI ISTANBUL \/ HOTEL E VICEVERSA<\/span><\/li><li class=\"grey subtitle\"><span style=\"color: #000000;\">SISTEMAZIONE NELL\u2019HOTEL PRESCELTO CON PENSIONE COMPLETA<\/span><\/li><li><span style=\"color: #000000;\">CROCIERA IN BATTELLO SUL BOSFORO<\/span><\/li><li><span style=\"color: #000000;\">SPETTACOLO FOLK<\/span><\/li><li><p class=\"grey subtitle\"><span style=\"color: #000000; font-family: Roboto;\">ASSICURAZIONE MEDICA<\/span><\/p><\/li><\/ul><\/div>\n\t\t\t\t<\/div>\n\t\t\t\t\t\t\t<div class=\"elementor-accordion-item\">\n\t\t\t\t\t<div id=\"elementor-tab-title-2513\" class=\"elementor-tab-title\" data-tab=\"3\" role=\"button\" aria-controls=\"elementor-tab-content-2513\" aria-expanded=\"false\">\n\t\t\t\t\t\t\t\t\t\t\t\t\t<span class=\"elementor-accordion-icon elementor-accordion-icon-left\" aria-hidden=\"true\">\n\t\t\t\t\t\t\t\t\t\t\t\t\t\t\t<span class=\"elementor-accordion-icon-closed\"><i class=\"fas fa-chevron-down\"><\/i><\/span>\n\t\t\t\t\t\t\t\t<span class=\"elementor-accordion-icon-opened\"><i class=\"fas fa-minus\"><\/i><\/span>\n\t\t\t\t\t\t\t\t\t\t\t\t\t\t<\/span>\n\t\t\t\t\t\t\t\t\t\t\t\t<a class=\"elementor-accordion-title\" tabindex=\"0\">Partenze<\/a>\n\t\t\t\t\t<\/div>\n\t\t\t\t\t<div id=\"elementor-tab-content-2513\" class=\"elementor-tab-content elementor-clearfix\" data-tab=\"3\" role=\"region\" aria-labelledby=\"elementor-tab-title-2513\"><p><span style=\"color: #000000;\">DAL 25\/05 AL 01\/06 2025<\/span><\/p><p><span style=\"color: #000000;\">DAL 01\/06 AL 08\/06 2025<\/span><\/p><p><span style=\"color: #000000;\">DAL 22\/06 AL 29\/06 2025<\/span><\/p><p><span style=\"color: #000000;\">DAL 03\/08 AL 10\/08 2025<\/span><\/p><p><span style=\"color: #000000;\">DAL 14\/09 AL 21\/09 2025<\/span><\/p><p><span style=\"color: #000000;\">DAL 05\/10 AL 12\/10 2025<\/span><\/p><p><span style=\"color: #000000;\">DAL 12\/10 AL 19\/10 2025<\/span><\/p><\/div>\n\t\t\t\t<\/div>\n\t\t\t\t\t\t\t<div class=\"elementor-accordion-item\">\n\t\t\t\t\t<div id=\"elementor-tab-title-2514\" class=\"elementor-tab-title\" data-tab=\"4\" role=\"button\" aria-controls=\"elementor-tab-content-2514\" aria-expanded=\"false\">\n\t\t\t\t\t\t\t\t\t\t\t\t\t<span class=\"elementor-accordion-icon elementor-accordion-icon-left\" aria-hidden=\"true\">\n\t\t\t\t\t\t\t\t\t\t\t\t\t\t\t<span class=\"elementor-accordion-icon-closed\"><i class=\"fas fa-chevron-down\"><\/i><\/span>\n\t\t\t\t\t\t\t\t<span class=\"elementor-accordion-icon-opened\"><i class=\"fas fa-minus\"><\/i><\/span>\n\t\t\t\t\t\t\t\t\t\t\t\t\t\t<\/span>\n\t\t\t\t\t\t\t\t\t\t\t\t<a class=\"elementor-accordion-title\" tabindex=\"0\">Prezzo<\/a>\n\t\t\t\t\t<\/div>\n\t\t\t\t\t<div id=\"elementor-tab-content-2514\" class=\"elementor-tab-content elementor-clearfix\" data-tab=\"4\" role=\"region\" aria-labelledby=\"elementor-tab-title-2514\"><p><span style=\"color: #000000;\">A partire da \u20ac 1726 a persona<\/span><\/p><\/div>\n\t\t\t\t<\/div>\n\t\t\t\t\t\t\t<div class=\"elementor-accordion-item\">\n\t\t\t\t\t<div id=\"elementor-tab-title-2515\" class=\"elementor-tab-title\" data-tab=\"5\" role=\"button\" aria-controls=\"elementor-tab-content-2515\" aria-expanded=\"false\">\n\t\t\t\t\t\t\t\t\t\t\t\t\t<span class=\"elementor-accordion-icon elementor-accordion-icon-left\" aria-hidden=\"true\">\n\t\t\t\t\t\t\t\t\t\t\t\t\t\t\t<span class=\"elementor-accordion-icon-closed\"><i class=\"fas fa-chevron-down\"><\/i><\/span>\n\t\t\t\t\t\t\t\t<span class=\"elementor-accordion-icon-opened\"><i class=\"fas fa-minus\"><\/i><\/span>\n\t\t\t\t\t\t\t\t\t\t\t\t\t\t<\/span>\n\t\t\t\t\t\t\t\t\t\t\t\t<a class=\"elementor-accordion-title\" tabindex=\"0\">Credi by<\/a>\n\t\t\t\t\t<\/div>\n\t\t\t\t\t<div id=\"elementor-tab-content-2515\" class=\"elementor-tab-content elementor-clearfix\" data-tab=\"5\" role=\"region\" aria-labelledby=\"elementor-tab-title-2515\"><p>Foto di <a href=\"https:\/\/unsplash.com\/it\/@ramzibelaidi?utm_content=creditCopyText&amp;utm_medium=referral&amp;utm_source=unsplash\">Ramzi Belaidi<\/a> su <a href=\"https:\/\/unsplash.com\/it\/foto\/un-gruppo-di-mongolfiere-che-volano-nel-cielo-bU0-0vlEfZU?utm_content=creditCopyText&amp;utm_medium=referral&amp;utm_source=unsplash\">Unsplash<\/a><\/p><p>Foto di <a href=\"https:\/\/unsplash.com\/it\/@fatihyurur?utm_content=creditCopyText&amp;utm_medium=referral&amp;utm_source=unsplash\">Fatih Y\u00fcr\u00fcr<\/a> su <a href=\"https:\/\/unsplash.com\/it\/foto\/edificio-a-cupola-in-cemento-marrone-e-blu-kNSREmtaGOE?utm_content=creditCopyText&amp;utm_medium=referral&amp;utm_source=unsplash\">Unsplash<\/a><\/p><p>Foto di <a href=\"https:\/\/unsplash.com\/it\/@itshimati?utm_content=creditCopyText&amp;utm_medium=referral&amp;utm_source=unsplash\">Hussein A.Himmati<\/a> su <a href=\"https:\/\/unsplash.com\/it\/foto\/barca-bianca-e-rossa-sul-mare-durante-il-giorno-u_PuOVTTfOg?utm_content=creditCopyText&amp;utm_medium=referral&amp;utm_source=unsplash\">Unsplash<\/a><\/p><\/div>\n\t\t\t\t<\/div>\n\t\t\t\t\t\t\t\t<\/div>\n\t\t\t\t\t\t<\/div>\n\t\t\t\t<\/div>\n\t\t\t\t\t<\/div>\n\t\t<\/div>\n\t\t\t\t\t<\/div>\n\t\t<\/section>\n\t\t\t\t<\/div>\n\t\t","protected":false},"excerpt":{"rendered":"<p>Istanbul e la Cappadocia Descrizione Istanbul: un incanto, una bellezza, le strade pulite e profumate di spezie, la gente cordiale, accogliente ed amabile, lo skyline pi\u00f9 bello del mondo, ed una cucina sbalorditiva.\u00a0Istanbul \u00e8 una citt\u00e0 ricca di fascino e di mistero, una metropoli che si estende tra il continente europeo e quello asiatico, divisa [&hellip;]<\/p>\n","protected":false},"author":1,"featured_media":0,"parent":0,"menu_order":0,"comment_status":"closed","ping_status":"closed","template":"","meta":{"footnotes":""},"class_list":["post-3490","page","type-page","status-publish","hentry"],"_links":{"self":[{"href":"http:\/\/www.atticaviaggi.it\/index.php?rest_route=\/wp\/v2\/pages\/3490","targetHints":{"allow":["GET"]}}],"collection":[{"href":"http:\/\/www.atticaviaggi.it\/index.php?rest_route=\/wp\/v2\/pages"}],"about":[{"href":"http:\/\/www.atticaviaggi.it\/index.php?rest_route=\/wp\/v2\/types\/page"}],"author":[{"embeddable":true,"href":"http:\/\/www.atticaviaggi.it\/index.php?rest_route=\/wp\/v2\/users\/1"}],"replies":[{"embeddable":true,"href":"http:\/\/www.atticaviaggi.it\/index.php?rest_route=%2Fwp%2Fv2%2Fcomments&post=3490"}],"version-history":[{"count":8,"href":"http:\/\/www.atticaviaggi.it\/index.php?rest_route=\/wp\/v2\/pages\/3490\/revisions"}],"predecessor-version":[{"id":3505,"href":"http:\/\/www.atticaviaggi.it\/index.php?rest_route=\/wp\/v2\/pages\/3490\/revisions\/3505"}],"wp:attachment":[{"href":"http:\/\/www.atticaviaggi.it\/index.php?rest_route=%2Fwp%2Fv2%2Fmedia&parent=3490"}],"curies":[{"name":"wp","href":"https:\/\/api.w.org\/{rel}","templated":true}]}}